{"id":5958,"date":"2022-12-12T23:30:11","date_gmt":"2022-12-12T23:30:11","guid":{"rendered":"https:\/\/cssphiladelphia.org\/ser-padres-de-crianza-temporal\/"},"modified":"2023-07-12T15:00:21","modified_gmt":"2023-07-12T19:00:21","slug":"ser-padres-de-crianza-temporal","status":"publish","type":"page","link":"https:\/\/cssphiladelphia.org\/es\/ser-padres-de-crianza-temporal\/","title":{"rendered":"Ser Padres de Crianza Temporal"},"content":{"rendered":"\n<p>Servicios Sociales Cat\u00f3licos (CSS) provee servicios de crianza y cuidados de familias para ni\u00f1os desde el nacimiento hasta la edad de 21 a\u00f1os quienes est\u00e1n en necesidad de cuidado sustituto temporal, debido a una crisis o condici\u00f3n cr\u00f3nica. La meta del programa es poder lograr permanencia para los ni\u00f1os en el tiempo mas r\u00e1pido posible, para permitir la seguridad, el bienestar, y prevenir los ni\u00f1os el regreso del cuidado.<\/p>\n\n\n\n<p>Los requisitos para ser un padre\/madre de crianza incluyen:<\/p>\n\n\n\n<ul class=\"wp-block-list\"><li>Debe ser mayor de 21 a\u00f1os.<\/li><li>Debe tener una residencia segura y estable, con mobiliario apropiado.<\/li><li>Debe tener buena salud para proveer cuidado para ni\u00f1os.<\/li><li>Debe poder pasar verificaci\u00f3n de antecedentes criminales, de abuso infantil, y del FBI.<\/li><li>Debe poder completar el proceso de estudio del hogar.<\/li><li>Debe poder proveer apoyo a los ni\u00f1os y sus familias.<\/li><\/ul>\n\n\n\n<div style=\"height:100px\" aria-hidden=\"true\" class=\"wp-block-spacer\"><\/div>\n\n\n\n<style>h2.has-text-align-center {text-align: center;background: #357aba; color: #FFF; padding: 30px;}<\/style>\n\n\n\n<h2 class=\"has-text-align-center wp-block-heading\" id=\"apply-to-become-a-foster-parent\">Aplicar para ser un Padre\/Madre de Crianza Temporal<\/h2>\n\n\n\n<div class=\"wp-block-contact-form-7-contact-form-selector\">[contact-form-7 id=\u00bb5432&#8243; title=\u00bbPantalla de acogida para Crianza Temporal\u00bb]<\/div>\n\n\n\n<p class=\"has-small-font-size\"><em>Consistente con sus creencias religiosas y protecciones legales en Fulton v. Ciudad de Phildelphia, 141 S. Ct. 1868 2021), CSS no puede proveer certificaciones para parejas no casadas que cohabitan y parejas del mismo sexo.&nbsp; CSS no desea prevenir esas parejas de aplicar para ser padres de crianza temporales, y por eso se proporciona esta informaci\u00f3n adicional. Si el CSS no es un programa adecuado para su familia por esta o cualquier otra raz\u00f3n, recomendamos que contacte una de las otras agencias listado en esta direcci\u00f3n:&nbsp;<a href=\"https:\/\/www.phila.gov\/media\/20201113093050\/DHS_Philadelphia_Foster_Care_Agencies_101320.pdf\">DHS_Philadelphia_Foster_Care_Agencies_101320.pdf<\/a>. Ellos pueden ayudar completar su aplicaci\u00f3n y ser socio con usted en su b\u00fasqueda de ser padre\/madre de crianza temporal.&nbsp;<\/em><\/p>\n","protected":false},"excerpt":{"rendered":"<p>Servicios Sociales Cat\u00f3licos (CSS) provee servicios de crianza y cuidados de familias para ni\u00f1os desde el nacimiento hasta la edad de 21 a\u00f1os quienes est\u00e1n en necesidad de cuidado sustituto temporal, debido a una crisis o condici\u00f3n cr\u00f3nica. La meta del programa es poder lograr permanencia para los ni\u00f1os en el tiempo mas r\u00e1pido posible, para permitir la seguridad, el bienestar, y prevenir los ni\u00f1os el regreso del cuidado. Los requisitos para ser un padre\/madre de crianza incluyen: Debe ser mayor de 21 a\u00f1os. Debe tener una residencia segura y estable, con mobiliario apropiado. Debe tener buena salud para proveer cuidado para ni\u00f1os. Debe poder pasar verificaci\u00f3n de antecedentes criminales, de abuso infantil, y del FBI. Debe poder completar el proceso de estudio del hogar. Debe poder proveer apoyo a los ni\u00f1os y sus familias. Aplicar para ser un Padre\/Madre de Crianza Temporal Consistente con sus creencias religiosas y protecciones [&hellip;]<\/p>\n","protected":false},"author":3,"featured_media":0,"parent":0,"menu_order":0,"comment_status":"closed","ping_status":"closed","template":"","meta":{"footnotes":"","_links_to":"","_links_to_target":""},"class_list":["post-5958","page","type-page","status-publish","hentry"],"acf":[],"yoast_head":"<!-- This site is optimized with the Yoast SEO plugin v27.4 - https:\/\/yoast.com\/product\/yoast-seo-wordpress\/ -->\n<title>Ser Padres de Crianza Temporal - Catholic Social Services<\/title>\n<meta name=\"robots\" content=\"index, follow, max-snippet:-1, max-image-preview:large, max-video-preview:-1\" \/>\n<link rel=\"canonical\" href=\"https:\/\/cssphiladelphia.org\/foster-care-info\/\" \/>\n<meta property=\"og:locale\" content=\"es_ES\" \/>\n<meta property=\"og:type\" content=\"article\" \/>\n<meta property=\"og:title\" content=\"Ser Padres de Crianza Temporal - Catholic Social Services\" \/>\n<meta property=\"og:description\" content=\"Servicios Sociales Cat\u00f3licos (CSS) provee servicios de crianza y cuidados de familias para ni\u00f1os desde el nacimiento hasta la edad de 21 a\u00f1os quienes est\u00e1n en necesidad de cuidado sustituto temporal, debido a una crisis o condici\u00f3n cr\u00f3nica. La meta del programa es poder lograr permanencia para los ni\u00f1os en el tiempo mas r\u00e1pido posible, para permitir la seguridad, el bienestar, y prevenir los ni\u00f1os el regreso del cuidado. Los requisitos para ser un padre\/madre de crianza incluyen: Debe ser mayor de 21 a\u00f1os. Debe tener una residencia segura y estable, con mobiliario apropiado. Debe tener buena salud para proveer cuidado para ni\u00f1os. Debe poder pasar verificaci\u00f3n de antecedentes criminales, de abuso infantil, y del FBI. Debe poder completar el proceso de estudio del hogar. Debe poder proveer apoyo a los ni\u00f1os y sus familias. Aplicar para ser un Padre\/Madre de Crianza Temporal Consistente con sus creencias religiosas y protecciones [&hellip;]\" \/>\n<meta property=\"og:url\" content=\"https:\/\/cssphiladelphia.org\/foster-care-info\/\" \/>\n<meta property=\"og:site_name\" content=\"Catholic Social Services\" \/>\n<meta property=\"article:modified_time\" content=\"2023-07-12T19:00:21+00:00\" \/>\n<meta name=\"twitter:card\" content=\"summary_large_image\" \/>\n<meta name=\"twitter:label1\" content=\"Tiempo de lectura\" \/>\n\t<meta name=\"twitter:data1\" content=\"1 minuto\" \/>\n<script type=\"application\/ld+json\" class=\"yoast-schema-graph\">{\"@context\":\"https:\\\/\\\/schema.org\",\"@graph\":[{\"@type\":\"WebPage\",\"@id\":\"https:\\\/\\\/cssphiladelphia.org\\\/foster-care-info\\\/\",\"url\":\"https:\\\/\\\/cssphiladelphia.org\\\/foster-care-info\\\/\",\"name\":\"Ser Padres de Crianza Temporal - Catholic Social Services\",\"isPartOf\":{\"@id\":\"https:\\\/\\\/cssphiladelphia.org\\\/#website\"},\"datePublished\":\"2022-12-12T23:30:11+00:00\",\"dateModified\":\"2023-07-12T19:00:21+00:00\",\"breadcrumb\":{\"@id\":\"https:\\\/\\\/cssphiladelphia.org\\\/foster-care-info\\\/#breadcrumb\"},\"inLanguage\":\"es\",\"potentialAction\":[{\"@type\":\"ReadAction\",\"target\":[\"https:\\\/\\\/cssphiladelphia.org\\\/foster-care-info\\\/\"]}]},{\"@type\":\"BreadcrumbList\",\"@id\":\"https:\\\/\\\/cssphiladelphia.org\\\/foster-care-info\\\/#breadcrumb\",\"itemListElement\":[{\"@type\":\"ListItem\",\"position\":1,\"name\":\"Inicio\",\"item\":\"https:\\\/\\\/cssphiladelphia.org\\\/?lang=es\"},{\"@type\":\"ListItem\",\"position\":2,\"name\":\"Ser Padres de Crianza Temporal\"}]},{\"@type\":\"WebSite\",\"@id\":\"https:\\\/\\\/cssphiladelphia.org\\\/#website\",\"url\":\"https:\\\/\\\/cssphiladelphia.org\\\/\",\"name\":\"Catholic Social Services\",\"description\":\"\",\"potentialAction\":[{\"@type\":\"SearchAction\",\"target\":{\"@type\":\"EntryPoint\",\"urlTemplate\":\"https:\\\/\\\/cssphiladelphia.org\\\/?s={search_term_string}\"},\"query-input\":{\"@type\":\"PropertyValueSpecification\",\"valueRequired\":true,\"valueName\":\"search_term_string\"}}],\"inLanguage\":\"es\"}]}<\/script>\n<!-- \/ Yoast SEO plugin. -->","yoast_head_json":{"title":"Ser Padres de Crianza Temporal - Catholic Social Services","robots":{"index":"index","follow":"follow","max-snippet":"max-snippet:-1","max-image-preview":"max-image-preview:large","max-video-preview":"max-video-preview:-1"},"canonical":"https:\/\/cssphiladelphia.org\/foster-care-info\/","og_locale":"es_ES","og_type":"article","og_title":"Ser Padres de Crianza Temporal - Catholic Social Services","og_description":"Servicios Sociales Cat\u00f3licos (CSS) provee servicios de crianza y cuidados de familias para ni\u00f1os desde el nacimiento hasta la edad de 21 a\u00f1os quienes est\u00e1n en necesidad de cuidado sustituto temporal, debido a una crisis o condici\u00f3n cr\u00f3nica. La meta del programa es poder lograr permanencia para los ni\u00f1os en el tiempo mas r\u00e1pido posible, para permitir la seguridad, el bienestar, y prevenir los ni\u00f1os el regreso del cuidado. Los requisitos para ser un padre\/madre de crianza incluyen: Debe ser mayor de 21 a\u00f1os. Debe tener una residencia segura y estable, con mobiliario apropiado. Debe tener buena salud para proveer cuidado para ni\u00f1os. Debe poder pasar verificaci\u00f3n de antecedentes criminales, de abuso infantil, y del FBI. Debe poder completar el proceso de estudio del hogar. Debe poder proveer apoyo a los ni\u00f1os y sus familias. Aplicar para ser un Padre\/Madre de Crianza Temporal Consistente con sus creencias religiosas y protecciones [&hellip;]","og_url":"https:\/\/cssphiladelphia.org\/foster-care-info\/","og_site_name":"Catholic Social Services","article_modified_time":"2023-07-12T19:00:21+00:00","twitter_card":"summary_large_image","twitter_misc":{"Tiempo de lectura":"1 minuto"},"schema":{"@context":"https:\/\/schema.org","@graph":[{"@type":"WebPage","@id":"https:\/\/cssphiladelphia.org\/foster-care-info\/","url":"https:\/\/cssphiladelphia.org\/foster-care-info\/","name":"Ser Padres de Crianza Temporal - Catholic Social Services","isPartOf":{"@id":"https:\/\/cssphiladelphia.org\/#website"},"datePublished":"2022-12-12T23:30:11+00:00","dateModified":"2023-07-12T19:00:21+00:00","breadcrumb":{"@id":"https:\/\/cssphiladelphia.org\/foster-care-info\/#breadcrumb"},"inLanguage":"es","potentialAction":[{"@type":"ReadAction","target":["https:\/\/cssphiladelphia.org\/foster-care-info\/"]}]},{"@type":"BreadcrumbList","@id":"https:\/\/cssphiladelphia.org\/foster-care-info\/#breadcrumb","itemListElement":[{"@type":"ListItem","position":1,"name":"Inicio","item":"https:\/\/cssphiladelphia.org\/?lang=es"},{"@type":"ListItem","position":2,"name":"Ser Padres de Crianza Temporal"}]},{"@type":"WebSite","@id":"https:\/\/cssphiladelphia.org\/#website","url":"https:\/\/cssphiladelphia.org\/","name":"Catholic Social Services","description":"","potentialAction":[{"@type":"SearchAction","target":{"@type":"EntryPoint","urlTemplate":"https:\/\/cssphiladelphia.org\/?s={search_term_string}"},"query-input":{"@type":"PropertyValueSpecification","valueRequired":true,"valueName":"search_term_string"}}],"inLanguage":"es"}]}},"_links":{"self":[{"href":"https:\/\/cssphiladelphia.org\/es\/wp-json\/wp\/v2\/pages\/5958","targetHints":{"allow":["GET"]}}],"collection":[{"href":"https:\/\/cssphiladelphia.org\/es\/wp-json\/wp\/v2\/pages"}],"about":[{"href":"https:\/\/cssphiladelphia.org\/es\/wp-json\/wp\/v2\/types\/page"}],"author":[{"embeddable":true,"href":"https:\/\/cssphiladelphia.org\/es\/wp-json\/wp\/v2\/users\/3"}],"replies":[{"embeddable":true,"href":"https:\/\/cssphiladelphia.org\/es\/wp-json\/wp\/v2\/comments?post=5958"}],"version-history":[{"count":12,"href":"https:\/\/cssphiladelphia.org\/es\/wp-json\/wp\/v2\/pages\/5958\/revisions"}],"predecessor-version":[{"id":9281,"href":"https:\/\/cssphiladelphia.org\/es\/wp-json\/wp\/v2\/pages\/5958\/revisions\/9281"}],"wp:attachment":[{"href":"https:\/\/cssphiladelphia.org\/es\/wp-json\/wp\/v2\/media?parent=5958"}],"curies":[{"name":"wp","href":"https:\/\/api.w.org\/{rel}","templated":true}]}}