{"id":5991,"date":"2023-01-18T21:07:25","date_gmt":"2023-01-18T21:07:25","guid":{"rendered":"https:\/\/cssphiladelphia.org\/boletin-mensual\/"},"modified":"2023-07-12T15:16:39","modified_gmt":"2023-07-12T19:16:39","slug":"boletin-mensual","status":"publish","type":"page","link":"https:\/\/cssphiladelphia.org\/es\/boletin-mensual\/","title":{"rendered":"Bolet\u00edn Mensual"},"content":{"rendered":"<p>El interactivo bolet\u00edn electr\u00f3nico mensual de la Secretar\u00eda por Catholic Human Services (Servicios Humanos Catolicos) de la Archidi\u00f3cesis de Philadelphia, \u201c<em>Charity in Action<\/em>\u201d&nbsp;, (Caridad en Accion), ilustra el impacto profundamente positivo que CHS tiene en nuestras comunidades locales y las buenas obras hechas por sus tres divisiones &#8211; Catholic Social Services (Servicios Sociales Catolicos), Catholic Housing and Community Services (Servicios Habitacionales y Comunitarios Cat\u00f3licos) y Nutritional Development Services (Servicios de Desarrollo Nutricional).<\/p>\n<p><a href=\"https:\/\/cssphiladelphia.org\/wp-content\/uploads\/2022\/10\/OCTOBER-2022_Secretariat-for-Catholic-Human-Services-Monthly-Newsletter-Charity-in-Action-1.pdf\">Ver el historial actual de Charity in Action &#8212; Octobre 2022<\/a><\/p>\n<p><a href=\"https:\/\/cssphiladelphia.org\/wp-content\/uploads\/2022\/09\/SEPTEMBER-2022_Secretariat-for-Catholic-Human-Services-Monthly-Newsletter-Charity-in-Action.pdf\">Ver la edici\u00f3n del mes pasado de &nbsp;Charity in Action &#8212; Septiembre 2022<\/a><\/p>\n<p>&nbsp;<\/p>\n<p>Sigue Catholic Social Services en las redes sociales para mas noticias y buenas obras:<\/p>\n<p><a href=\"https:\/\/www.facebook.com\/cssphiladelphia\">https:\/\/www.facebook.com\/cssphiladelphia<\/a><\/p>\n<p><a href=\"https:\/\/twitter.com\/CSSPhiladelphia\">https:\/\/twitter.com\/CSSPhiladelphia<\/a><\/p>\n<p><a href=\"https:\/\/www.instagram.com\/cssphiladelphia\/\">https:\/\/www.instagram.com\/cssphiladelphia\/<\/a><\/p>\n<p>&nbsp;<\/p>\n<p>&nbsp;<\/p>\n","protected":false},"excerpt":{"rendered":"<p>El interactivo bolet\u00edn electr\u00f3nico mensual de la Secretar\u00eda por Catholic Human Services (Servicios Humanos Catolicos) de la Archidi\u00f3cesis de Philadelphia, \u201cCharity in Action\u201d&nbsp;, (Caridad en Accion), ilustra el impacto profundamente positivo que CHS tiene en nuestras comunidades locales y las buenas obras hechas por sus tres divisiones &#8211; Catholic Social Services (Servicios Sociales Catolicos), Catholic Housing and Community Services (Servicios Habitacionales y Comunitarios Cat\u00f3licos) y Nutritional Development Services (Servicios de Desarrollo Nutricional). Ver el historial actual de Charity in Action &#8212; Octobre 2022 Ver la edici\u00f3n del mes pasado de &nbsp;Charity in Action &#8212; Septiembre 2022 &nbsp; Sigue Catholic Social Services en las redes sociales para mas noticias y buenas obras: https:\/\/www.facebook.com\/cssphiladelphia https:\/\/twitter.com\/CSSPhiladelphia https:\/\/www.instagram.com\/cssphiladelphia\/ &nbsp; &nbsp;<\/p>\n","protected":false},"author":1,"featured_media":5873,"parent":0,"menu_order":4,"comment_status":"open","ping_status":"open","template":"","meta":{"footnotes":"","_links_to":"","_links_to_target":""},"class_list":["post-5991","page","type-page","status-publish","has-post-thumbnail","hentry"],"acf":[],"yoast_head":"<!-- This site is optimized with the Yoast SEO plugin v27.4 - https:\/\/yoast.com\/product\/yoast-seo-wordpress\/ -->\n<title>Bolet\u00edn Mensual - Catholic Social Services<\/title>\n<meta name=\"description\" content=\"Catholic Human Services&#039; (Servicios Humanos Catolicos) bolet\u00edn electr\u00f3nico mensual destaca los servicios sociales y trabajos sin fines de lucro hechos por la archidi\u00f3cesis de Philadelphia.\" \/>\n<meta name=\"robots\" content=\"index, follow, max-snippet:-1, max-image-preview:large, max-video-preview:-1\" \/>\n<link rel=\"canonical\" href=\"https:\/\/cssphiladelphia.org\/newsletter\/\" \/>\n<meta property=\"og:locale\" content=\"es_ES\" \/>\n<meta property=\"og:type\" content=\"article\" \/>\n<meta property=\"og:title\" content=\"Bolet\u00edn Mensual - Catholic Social Services\" \/>\n<meta property=\"og:description\" content=\"Catholic Human Services&#039; (Servicios Humanos Catolicos) bolet\u00edn electr\u00f3nico mensual destaca los servicios sociales y trabajos sin fines de lucro hechos por la archidi\u00f3cesis de Philadelphia.\" \/>\n<meta property=\"og:url\" content=\"https:\/\/cssphiladelphia.org\/newsletter\/\" \/>\n<meta property=\"og:site_name\" content=\"Catholic Social Services\" \/>\n<meta property=\"article:modified_time\" content=\"2023-07-12T19:16:39+00:00\" \/>\n<meta property=\"og:image\" content=\"https:\/\/cssphiladelphia.org\/wp-content\/uploads\/2022\/08\/Untitled-design-21.png\" \/>\n\t<meta property=\"og:image:width\" content=\"1410\" \/>\n\t<meta property=\"og:image:height\" content=\"1182\" \/>\n\t<meta property=\"og:image:type\" content=\"image\/png\" \/>\n<meta name=\"twitter:card\" content=\"summary_large_image\" \/>\n<meta name=\"twitter:label1\" content=\"Tiempo de lectura\" \/>\n\t<meta name=\"twitter:data1\" content=\"1 minuto\" \/>\n<script type=\"application\/ld+json\" class=\"yoast-schema-graph\">{\"@context\":\"https:\\\/\\\/schema.org\",\"@graph\":[{\"@type\":\"WebPage\",\"@id\":\"https:\\\/\\\/cssphiladelphia.org\\\/newsletter\\\/\",\"url\":\"https:\\\/\\\/cssphiladelphia.org\\\/newsletter\\\/\",\"name\":\"Bolet\u00edn Mensual - Catholic Social Services\",\"isPartOf\":{\"@id\":\"https:\\\/\\\/cssphiladelphia.org\\\/#website\"},\"primaryImageOfPage\":{\"@id\":\"https:\\\/\\\/cssphiladelphia.org\\\/newsletter\\\/#primaryimage\"},\"image\":{\"@id\":\"https:\\\/\\\/cssphiladelphia.org\\\/newsletter\\\/#primaryimage\"},\"thumbnailUrl\":\"https:\\\/\\\/cssphiladelphia.org\\\/wp-content\\\/uploads\\\/2022\\\/08\\\/Untitled-design-21.png\",\"datePublished\":\"2023-01-18T21:07:25+00:00\",\"dateModified\":\"2023-07-12T19:16:39+00:00\",\"description\":\"Catholic Human Services' (Servicios Humanos Catolicos) bolet\u00edn electr\u00f3nico mensual destaca los servicios sociales y trabajos sin fines de lucro hechos por la archidi\u00f3cesis de Philadelphia.\",\"breadcrumb\":{\"@id\":\"https:\\\/\\\/cssphiladelphia.org\\\/newsletter\\\/#breadcrumb\"},\"inLanguage\":\"es\",\"potentialAction\":[{\"@type\":\"ReadAction\",\"target\":[\"https:\\\/\\\/cssphiladelphia.org\\\/newsletter\\\/\"]}]},{\"@type\":\"ImageObject\",\"inLanguage\":\"es\",\"@id\":\"https:\\\/\\\/cssphiladelphia.org\\\/newsletter\\\/#primaryimage\",\"url\":\"https:\\\/\\\/cssphiladelphia.org\\\/wp-content\\\/uploads\\\/2022\\\/08\\\/Untitled-design-21.png\",\"contentUrl\":\"https:\\\/\\\/cssphiladelphia.org\\\/wp-content\\\/uploads\\\/2022\\\/08\\\/Untitled-design-21.png\",\"width\":1410,\"height\":1182,\"caption\":\"Charity in Action Newsletter\"},{\"@type\":\"BreadcrumbList\",\"@id\":\"https:\\\/\\\/cssphiladelphia.org\\\/newsletter\\\/#breadcrumb\",\"itemListElement\":[{\"@type\":\"ListItem\",\"position\":1,\"name\":\"Inicio\",\"item\":\"https:\\\/\\\/cssphiladelphia.org\\\/?lang=es\"},{\"@type\":\"ListItem\",\"position\":2,\"name\":\"Bolet\u00edn Mensual\"}]},{\"@type\":\"WebSite\",\"@id\":\"https:\\\/\\\/cssphiladelphia.org\\\/#website\",\"url\":\"https:\\\/\\\/cssphiladelphia.org\\\/\",\"name\":\"Catholic Social Services\",\"description\":\"\",\"potentialAction\":[{\"@type\":\"SearchAction\",\"target\":{\"@type\":\"EntryPoint\",\"urlTemplate\":\"https:\\\/\\\/cssphiladelphia.org\\\/?s={search_term_string}\"},\"query-input\":{\"@type\":\"PropertyValueSpecification\",\"valueRequired\":true,\"valueName\":\"search_term_string\"}}],\"inLanguage\":\"es\"}]}<\/script>\n<!-- \/ Yoast SEO plugin. -->","yoast_head_json":{"title":"Bolet\u00edn Mensual - Catholic Social Services","description":"Catholic Human Services' (Servicios Humanos Catolicos) bolet\u00edn electr\u00f3nico mensual destaca los servicios sociales y trabajos sin fines de lucro hechos por la archidi\u00f3cesis de Philadelphia.","robots":{"index":"index","follow":"follow","max-snippet":"max-snippet:-1","max-image-preview":"max-image-preview:large","max-video-preview":"max-video-preview:-1"},"canonical":"https:\/\/cssphiladelphia.org\/newsletter\/","og_locale":"es_ES","og_type":"article","og_title":"Bolet\u00edn Mensual - Catholic Social Services","og_description":"Catholic Human Services' (Servicios Humanos Catolicos) bolet\u00edn electr\u00f3nico mensual destaca los servicios sociales y trabajos sin fines de lucro hechos por la archidi\u00f3cesis de Philadelphia.","og_url":"https:\/\/cssphiladelphia.org\/newsletter\/","og_site_name":"Catholic Social Services","article_modified_time":"2023-07-12T19:16:39+00:00","og_image":[{"width":1410,"height":1182,"url":"https:\/\/cssphiladelphia.org\/wp-content\/uploads\/2022\/08\/Untitled-design-21.png","type":"image\/png"}],"twitter_card":"summary_large_image","twitter_misc":{"Tiempo de lectura":"1 minuto"},"schema":{"@context":"https:\/\/schema.org","@graph":[{"@type":"WebPage","@id":"https:\/\/cssphiladelphia.org\/newsletter\/","url":"https:\/\/cssphiladelphia.org\/newsletter\/","name":"Bolet\u00edn Mensual - Catholic Social Services","isPartOf":{"@id":"https:\/\/cssphiladelphia.org\/#website"},"primaryImageOfPage":{"@id":"https:\/\/cssphiladelphia.org\/newsletter\/#primaryimage"},"image":{"@id":"https:\/\/cssphiladelphia.org\/newsletter\/#primaryimage"},"thumbnailUrl":"https:\/\/cssphiladelphia.org\/wp-content\/uploads\/2022\/08\/Untitled-design-21.png","datePublished":"2023-01-18T21:07:25+00:00","dateModified":"2023-07-12T19:16:39+00:00","description":"Catholic Human Services' (Servicios Humanos Catolicos) bolet\u00edn electr\u00f3nico mensual destaca los servicios sociales y trabajos sin fines de lucro hechos por la archidi\u00f3cesis de Philadelphia.","breadcrumb":{"@id":"https:\/\/cssphiladelphia.org\/newsletter\/#breadcrumb"},"inLanguage":"es","potentialAction":[{"@type":"ReadAction","target":["https:\/\/cssphiladelphia.org\/newsletter\/"]}]},{"@type":"ImageObject","inLanguage":"es","@id":"https:\/\/cssphiladelphia.org\/newsletter\/#primaryimage","url":"https:\/\/cssphiladelphia.org\/wp-content\/uploads\/2022\/08\/Untitled-design-21.png","contentUrl":"https:\/\/cssphiladelphia.org\/wp-content\/uploads\/2022\/08\/Untitled-design-21.png","width":1410,"height":1182,"caption":"Charity in Action Newsletter"},{"@type":"BreadcrumbList","@id":"https:\/\/cssphiladelphia.org\/newsletter\/#breadcrumb","itemListElement":[{"@type":"ListItem","position":1,"name":"Inicio","item":"https:\/\/cssphiladelphia.org\/?lang=es"},{"@type":"ListItem","position":2,"name":"Bolet\u00edn Mensual"}]},{"@type":"WebSite","@id":"https:\/\/cssphiladelphia.org\/#website","url":"https:\/\/cssphiladelphia.org\/","name":"Catholic Social Services","description":"","potentialAction":[{"@type":"SearchAction","target":{"@type":"EntryPoint","urlTemplate":"https:\/\/cssphiladelphia.org\/?s={search_term_string}"},"query-input":{"@type":"PropertyValueSpecification","valueRequired":true,"valueName":"search_term_string"}}],"inLanguage":"es"}]}},"_links":{"self":[{"href":"https:\/\/cssphiladelphia.org\/es\/wp-json\/wp\/v2\/pages\/5991","targetHints":{"allow":["GET"]}}],"collection":[{"href":"https:\/\/cssphiladelphia.org\/es\/wp-json\/wp\/v2\/pages"}],"about":[{"href":"https:\/\/cssphiladelphia.org\/es\/wp-json\/wp\/v2\/types\/page"}],"author":[{"embeddable":true,"href":"https:\/\/cssphiladelphia.org\/es\/wp-json\/wp\/v2\/users\/1"}],"replies":[{"embeddable":true,"href":"https:\/\/cssphiladelphia.org\/es\/wp-json\/wp\/v2\/comments?post=5991"}],"version-history":[{"count":1,"href":"https:\/\/cssphiladelphia.org\/es\/wp-json\/wp\/v2\/pages\/5991\/revisions"}],"predecessor-version":[{"id":6727,"href":"https:\/\/cssphiladelphia.org\/es\/wp-json\/wp\/v2\/pages\/5991\/revisions\/6727"}],"wp:featuredmedia":[{"embeddable":true,"href":"https:\/\/cssphiladelphia.org\/es\/wp-json\/wp\/v2\/media\/5873"}],"wp:attachment":[{"href":"https:\/\/cssphiladelphia.org\/es\/wp-json\/wp\/v2\/media?parent=5991"}],"curies":[{"name":"wp","href":"https:\/\/api.w.org\/{rel}","templated":true}]}}