{"id":5999,"date":"2023-01-18T21:22:53","date_gmt":"2023-01-18T21:22:53","guid":{"rendered":"https:\/\/cssphiladelphia.org\/donar\/"},"modified":"2023-07-12T15:20:58","modified_gmt":"2023-07-12T19:20:58","slug":"donar","status":"publish","type":"page","link":"https:\/\/cssphiladelphia.org\/es\/donar\/","title":{"rendered":"Donar"},"content":{"rendered":"<p><div class=\"fusion-fullwidth fullwidth-box fusion-builder-row-1 fusion-flex-container nonhundred-percent-fullwidth non-hundred-percent-height-scrolling\" style=\"--awb-border-radius-top-left:0px;--awb-border-radius-top-right:0px;--awb-border-radius-bottom-right:0px;--awb-border-radius-bottom-left:0px;--awb-flex-wrap:wrap;\" ><div class=\"fusion-builder-row fusion-row fusion-flex-align-items-flex-start fusion-flex-content-wrap\" style=\"max-width:1248px;margin-left: calc(-4% \/ 2 );margin-right: calc(-4% \/ 2 );\"><div class=\"fusion-layout-column fusion_builder_column fusion-builder-column-0 fusion_builder_column_1_2 1_2 fusion-flex-column donate-copy\" style=\"--awb-bg-size:cover;--awb-width-large:50%;--awb-margin-top-large:0px;--awb-spacing-right-large:3.84%;--awb-margin-bottom-large:0px;--awb-spacing-left-large:3.84%;--awb-width-medium:100%;--awb-order-medium:0;--awb-spacing-right-medium:1.92%;--awb-spacing-left-medium:1.92%;--awb-width-small:100%;--awb-order-small:0;--awb-spacing-right-small:1.92%;--awb-spacing-left-small:1.92%;\"><div class=\"fusion-column-wrapper fusion-column-has-shadow fusion-flex-justify-content-flex-start fusion-content-layout-column\"><div class=\"fusion-text fusion-text-1\" style=\"--awb-text-transform:none;\"><p>En Catholic Social Services, elegimos involucrarnos antes que ser indiferentes. Elegimos un tipo de beneficencia que supera los desaf\u00edos. Implementamos acciones definitivas que cambian la vida de aquellos a quienes asistimos.<span class=\"Apple-converted-space\">  <\/span>En Catholic Social Services, emprendemos acciones definitivas para cambiar las vidas de las personas en nuestra comunidad. <span class=\"Apple-converted-space\"> <\/span><\/p>\n<h4 class=\"donate-accent\">Le invitamos a apoyar nuestra misi\u00f3n.<\/h4>\n<\/div><div class=\"fusion-image-carousel fusion-image-carousel-auto fusion-image-carousel-1 fusion-carousel-border css-image-slider\"><div class=\"awb-carousel awb-swiper awb-swiper-carousel\" data-autoplay=\"yes\" data-columns=\"1\" data-itemmargin=\"13\" data-itemwidth=\"180\" data-touchscroll=\"yes\" data-imagesize=\"auto\" style=\"--awb-columns:1;\"><div class=\"swiper-wrapper awb-image-carousel-wrapper fusion-flex-align-items-center\"><div class=\"swiper-slide\"><div class=\"fusion-carousel-item-wrapper\"><div class=\"fusion-image-wrapper hover-type-zoomin\"><img decoding=\"async\" width=\"1300\" height=\"860\" src=\"https:\/\/cssphiladelphia.org\/wp-content\/uploads\/2021\/11\/Queen-for-a-Day_Women-of-Hope.jpeg\" class=\"attachment-full size-full lazyload\" alt=\"\" srcset=\"data:image\/svg+xml,%3Csvg%20xmlns%3D%27http%3A%2F%2Fwww.w3.org%2F2000%2Fsvg%27%20width%3D%271300%27%20height%3D%27860%27%20viewBox%3D%270%200%201300%20860%27%3E%3Crect%20width%3D%271300%27%20height%3D%27860%27%20fill-opacity%3D%220%22%2F%3E%3C%2Fsvg%3E\" data-orig-src=\"https:\/\/cssphiladelphia.org\/wp-content\/uploads\/2021\/11\/Queen-for-a-Day_Women-of-Hope.jpeg\" data-srcset=\"https:\/\/cssphiladelphia.org\/wp-content\/uploads\/2021\/11\/Queen-for-a-Day_Women-of-Hope-200x132.jpeg 200w, https:\/\/cssphiladelphia.org\/wp-content\/uploads\/2021\/11\/Queen-for-a-Day_Women-of-Hope-300x198.jpeg 300w, https:\/\/cssphiladelphia.org\/wp-content\/uploads\/2021\/11\/Queen-for-a-Day_Women-of-Hope-400x265.jpeg 400w, https:\/\/cssphiladelphia.org\/wp-content\/uploads\/2021\/11\/Queen-for-a-Day_Women-of-Hope-600x397.jpeg 600w, https:\/\/cssphiladelphia.org\/wp-content\/uploads\/2021\/11\/Queen-for-a-Day_Women-of-Hope-768x508.jpeg 768w, https:\/\/cssphiladelphia.org\/wp-content\/uploads\/2021\/11\/Queen-for-a-Day_Women-of-Hope-800x529.jpeg 800w, https:\/\/cssphiladelphia.org\/wp-content\/uploads\/2021\/11\/Queen-for-a-Day_Women-of-Hope-1024x677.jpeg 1024w, https:\/\/cssphiladelphia.org\/wp-content\/uploads\/2021\/11\/Queen-for-a-Day_Women-of-Hope-1200x794.jpeg 1200w, https:\/\/cssphiladelphia.org\/wp-content\/uploads\/2021\/11\/Queen-for-a-Day_Women-of-Hope.jpeg 1300w\" data-sizes=\"auto\" \/><\/div><\/div><\/div><div class=\"swiper-slide\"><div class=\"fusion-carousel-item-wrapper\"><div class=\"fusion-image-wrapper hover-type-zoomin\"><img decoding=\"async\" width=\"1300\" height=\"860\" src=\"https:\/\/cssphiladelphia.org\/wp-content\/uploads\/2021\/11\/Recovery-Walk-2021_1.jpeg\" class=\"attachment-full size-full lazyload\" alt=\"\" srcset=\"data:image\/svg+xml,%3Csvg%20xmlns%3D%27http%3A%2F%2Fwww.w3.org%2F2000%2Fsvg%27%20width%3D%271300%27%20height%3D%27860%27%20viewBox%3D%270%200%201300%20860%27%3E%3Crect%20width%3D%271300%27%20height%3D%27860%27%20fill-opacity%3D%220%22%2F%3E%3C%2Fsvg%3E\" data-orig-src=\"https:\/\/cssphiladelphia.org\/wp-content\/uploads\/2021\/11\/Recovery-Walk-2021_1.jpeg\" data-srcset=\"https:\/\/cssphiladelphia.org\/wp-content\/uploads\/2021\/11\/Recovery-Walk-2021_1-200x132.jpeg 200w, https:\/\/cssphiladelphia.org\/wp-content\/uploads\/2021\/11\/Recovery-Walk-2021_1-300x198.jpeg 300w, https:\/\/cssphiladelphia.org\/wp-content\/uploads\/2021\/11\/Recovery-Walk-2021_1-400x265.jpeg 400w, https:\/\/cssphiladelphia.org\/wp-content\/uploads\/2021\/11\/Recovery-Walk-2021_1-600x397.jpeg 600w, https:\/\/cssphiladelphia.org\/wp-content\/uploads\/2021\/11\/Recovery-Walk-2021_1-768x508.jpeg 768w, https:\/\/cssphiladelphia.org\/wp-content\/uploads\/2021\/11\/Recovery-Walk-2021_1-800x529.jpeg 800w, https:\/\/cssphiladelphia.org\/wp-content\/uploads\/2021\/11\/Recovery-Walk-2021_1-1024x677.jpeg 1024w, https:\/\/cssphiladelphia.org\/wp-content\/uploads\/2021\/11\/Recovery-Walk-2021_1-1200x794.jpeg 1200w, https:\/\/cssphiladelphia.org\/wp-content\/uploads\/2021\/11\/Recovery-Walk-2021_1.jpeg 1300w\" data-sizes=\"auto\" \/><\/div><\/div><\/div><div class=\"swiper-slide\"><div class=\"fusion-carousel-item-wrapper\"><div class=\"fusion-image-wrapper hover-type-zoomin\"><img decoding=\"async\" width=\"2048\" height=\"1536\" src=\"https:\/\/cssphiladelphia.org\/wp-content\/uploads\/2021\/11\/IMG_6653.jpeg\" class=\"attachment-full size-full lazyload\" alt=\"\" srcset=\"data:image\/svg+xml,%3Csvg%20xmlns%3D%27http%3A%2F%2Fwww.w3.org%2F2000%2Fsvg%27%20width%3D%272048%27%20height%3D%271536%27%20viewBox%3D%270%200%202048%201536%27%3E%3Crect%20width%3D%272048%27%20height%3D%271536%27%20fill-opacity%3D%220%22%2F%3E%3C%2Fsvg%3E\" data-orig-src=\"https:\/\/cssphiladelphia.org\/wp-content\/uploads\/2021\/11\/IMG_6653.jpeg\" data-srcset=\"https:\/\/cssphiladelphia.org\/wp-content\/uploads\/2021\/11\/IMG_6653-200x150.jpeg 200w, https:\/\/cssphiladelphia.org\/wp-content\/uploads\/2021\/11\/IMG_6653-300x225.jpeg 300w, https:\/\/cssphiladelphia.org\/wp-content\/uploads\/2021\/11\/IMG_6653-400x300.jpeg 400w, https:\/\/cssphiladelphia.org\/wp-content\/uploads\/2021\/11\/IMG_6653-600x450.jpeg 600w, https:\/\/cssphiladelphia.org\/wp-content\/uploads\/2021\/11\/IMG_6653-768x576.jpeg 768w, https:\/\/cssphiladelphia.org\/wp-content\/uploads\/2021\/11\/IMG_6653-800x600.jpeg 800w, https:\/\/cssphiladelphia.org\/wp-content\/uploads\/2021\/11\/IMG_6653-1024x768.jpeg 1024w, https:\/\/cssphiladelphia.org\/wp-content\/uploads\/2021\/11\/IMG_6653-1200x900.jpeg 1200w, https:\/\/cssphiladelphia.org\/wp-content\/uploads\/2021\/11\/IMG_6653-1536x1152.jpeg 1536w, https:\/\/cssphiladelphia.org\/wp-content\/uploads\/2021\/11\/IMG_6653.jpeg 2048w\" data-sizes=\"auto\" \/><\/div><\/div><\/div><div class=\"swiper-slide\"><div class=\"fusion-carousel-item-wrapper\"><div class=\"fusion-image-wrapper hover-type-zoomin\"><img decoding=\"async\" width=\"1300\" height=\"975\" src=\"data:image\/svg+xml,%3Csvg%20xmlns%3D%27http%3A%2F%2Fwww.w3.org%2F2000%2Fsvg%27%20width%3D%271300%27%20height%3D%27975%27%20viewBox%3D%270%200%201300%20975%27%3E%3Crect%20width%3D%271300%27%20height%3D%27975%27%20fill-opacity%3D%220%22%2F%3E%3C%2Fsvg%3E\" class=\"attachment-full size-full lazyload\" alt=\"\" data-orig-src=\"https:\/\/cssphiladelphia.org\/wp-content\/uploads\/2021\/11\/Cenacle-1-e1638541425914.jpeg\" \/><\/div><\/div><\/div><\/div><\/div><\/div><div class=\"fusion-text fusion-text-2\" style=\"--awb-text-transform:none;\"><p>Su donaci\u00f3n brindar\u00e1 oportunidades y recursos para que los ni\u00f1os tengan \u00e9xito. Ayudar\u00e1 a sustentar a las familias para que crezcan sanas y fuertes. Les ofrecer\u00e1 a las personas mayores una vida con dignidad.<span class=\"Apple-converted-space\">  <\/span>Permitir\u00e1 que las personas con discapacidades intelectuales tengan una vida productiva.<span class=\"Apple-converted-space\">  <\/span>Y ayudar\u00e1 a las comunidades a encontrar la resiliencia para creer en un futuro mejor. <span class=\"Apple-converted-space\"> <\/span><\/p>\n<p>\u00a1Elija un programa espec\u00edfico al cual donar o haga una donaci\u00f3n general!<span class=\"Apple-converted-space\"> <\/span><\/p>\n<ul>\n<li>Centros de Servicio a la Familia<\/li>\n<li>Otros servicios comunitarios<\/li>\n<li>Acogimiento familiar y adopci\u00f3n<\/li>\n<li>Servicios de vivienda y para personas indigentes<\/li>\n<li>Communities of Don Guanella and Divine Providence<\/li>\n<li>Servicios Juveniles<\/li>\n<li>Catholic Housing and Community Services<span class=\"Apple-converted-space\"> <\/span><\/li>\n<li>Cena de los Obispos<\/li>\n<\/ul>\n<p>Adem\u00e1s, analice hacer una donaci\u00f3n a Catholic Charities Appeal, patrocinada por la archidi\u00f3cesis de Filadelfia y administrada en virtud de la Catholic Foundation of Greater Philadelphia. Esta donaci\u00f3n apoya a CSS y a muchos otros servicios sociales prestados por la archidi\u00f3cesis, entre ellos, escuelas de educaci\u00f3n especial, ministerios culturales, evangelizaci\u00f3n, parroquias de barrios c\u00e9ntricos pobres y actividades para el respeto de la vida.<\/p>\n<\/div><style type='text\/css'>.reading-box-container-1 .element-bottomshadow:before,.reading-box-container-1 .element-bottomshadow:after{opacity:0.7;}<\/style><div class=\"fusion-reading-box-container reading-box-container-1\" style=\"--awb-title-color:#212934;--awb-margin-top:0px;--awb-margin-bottom:20px;\"><div class=\"reading-box element-bottomshadow\" style=\"background-color:#f9f9fb;border-width:1px;border-color:#de3471;border-style:solid;\"><div class=\"reading-box-additional\"><div class=\"fusion-image-element in-legacy-container\" style=\"--awb-margin-bottom:20px;--awb-caption-title-font-family:var(--h2_typography-font-family);--awb-caption-title-font-weight:var(--h2_typography-font-weight);--awb-caption-title-font-style:var(--h2_typography-font-style);--awb-caption-title-size:var(--h2_typography-font-size);--awb-caption-title-transform:var(--h2_typography-text-transform);--awb-caption-title-line-height:var(--h2_typography-line-height);--awb-caption-title-letter-spacing:var(--h2_typography-letter-spacing);\"><span class=\" fusion-imageframe imageframe-none imageframe-1 hover-type-none\"><img decoding=\"async\" width=\"510\" height=\"414\" title=\"logo-retina\" src=\"https:\/\/cssphiladelphia.org\/wp-content\/uploads\/2021\/11\/logo-retina.png\" data-orig-src=\"https:\/\/cssphiladelphia.org\/wp-content\/uploads\/2021\/11\/logo-retina.png\" alt class=\"lazyload img-responsive wp-image-5209\" srcset=\"data:image\/svg+xml,%3Csvg%20xmlns%3D%27http%3A%2F%2Fwww.w3.org%2F2000%2Fsvg%27%20width%3D%27510%27%20height%3D%27414%27%20viewBox%3D%270%200%20510%20414%27%3E%3Crect%20width%3D%27510%27%20height%3D%27414%27%20fill-opacity%3D%220%22%2F%3E%3C%2Fsvg%3E\" data-srcset=\"https:\/\/cssphiladelphia.org\/wp-content\/uploads\/2021\/11\/logo-retina-200x162.png 200w, https:\/\/cssphiladelphia.org\/wp-content\/uploads\/2021\/11\/logo-retina-400x325.png 400w, https:\/\/cssphiladelphia.org\/wp-content\/uploads\/2021\/11\/logo-retina.png 510w\" data-sizes=\"auto\" data-orig-sizes=\"(max-width: 1200px) 100vw, (max-width: 640px) 100vw, 510px\" \/><\/span><\/div>\n<div class=\"fusion-align-block\"><a class=\"fusion-button button-flat fusion-button-default-size button-custom fusion-button-default button-1 fusion-button-span-yes fusion-button-default-type\" style=\"--button_accent_color:#ffffff;--button_accent_hover_color:#ffffff;--button_border_hover_color:#105378;--button_gradient_top_color:#de3471;--button_gradient_bottom_color:#de3471;--button_gradient_top_color_hover:#717171;--button_gradient_bottom_color_hover:#717171;\" target=\"_self\" href=\"https:\/\/archbishopsbenefitforchildren.org\/\"><i class=\"fa-cubes fas button-icon-left\" aria-hidden=\"true\"><\/i><span class=\"fusion-button-text\">Visite la P\u00e1gina Web<\/span><\/a><\/div><\/div><div class=\"fusion-clearfix\"><\/div><\/div><\/div>\n<\/div><\/div><div class=\"fusion-layout-column fusion_builder_column fusion-builder-column-1 fusion_builder_column_1_2 1_2 fusion-flex-column\" style=\"--awb-overflow:hidden;--awb-bg-color:#357aba;--awb-bg-color-hover:#357aba;--awb-bg-size:cover;--awb-border-color:#357aba;--awb-border-top:2px;--awb-border-right:2px;--awb-border-bottom:2px;--awb-border-left:2px;--awb-border-style:solid;--awb-border-radius:15px 15px 15px 15px;--awb-width-large:50%;--awb-margin-top-large:0px;--awb-spacing-right-large:3.84%;--awb-margin-bottom-large:20px;--awb-spacing-left-large:3.84%;--awb-width-medium:100%;--awb-order-medium:0;--awb-spacing-right-medium:1.92%;--awb-spacing-left-medium:1.92%;--awb-width-small:100%;--awb-order-small:0;--awb-spacing-right-small:1.92%;--awb-spacing-left-small:1.92%;\" id=\"css-donate-box\"><div class=\"fusion-column-wrapper fusion-column-has-shadow fusion-flex-justify-content-flex-start fusion-content-layout-column\">\n          <div id=\"bbox-root\"><\/div>\n          \n\n          <script type=\"text\/javascript\">\n       window.bboxInit = function () {\n           bbox.showForm('d4fc4c46-a2dd-436f-82b5-551bdaaf9565');\n       };\n       (function () {\n           var e = document.createElement('script'); e.async = true;\n           e.src = 'https:\/\/bbox.blackbaudhosting.com\/webforms\/bbox-min.js';\n           document.getElementsByTagName('head')[0].appendChild(e);\n       } ());\n<\/script>\n        <\/div><\/div><\/div><\/div><div class=\"fusion-fullwidth fullwidth-box fusion-builder-row-2 fusion-flex-container nonhundred-percent-fullwidth non-hundred-percent-height-scrolling\" style=\"--awb-border-radius-top-left:0px;--awb-border-radius-top-right:0px;--awb-border-radius-bottom-right:0px;--awb-border-radius-bottom-left:0px;--awb-flex-wrap:wrap;\" ><div class=\"fusion-builder-row fusion-row fusion-flex-align-items-flex-start fusion-flex-content-wrap\" style=\"max-width:1248px;margin-left: calc(-4% \/ 2 );margin-right: calc(-4% \/ 2 );\"><div class=\"fusion-layout-column fusion_builder_column fusion-builder-column-2 fusion_builder_column_1_1 1_1 fusion-flex-column\" style=\"--awb-bg-size:cover;--awb-width-large:100%;--awb-margin-top-large:0px;--awb-spacing-right-large:1.92%;--awb-margin-bottom-large:20px;--awb-spacing-left-large:1.92%;--awb-width-medium:100%;--awb-order-medium:0;--awb-spacing-right-medium:1.92%;--awb-spacing-left-medium:1.92%;--awb-width-small:100%;--awb-order-small:0;--awb-spacing-right-small:1.92%;--awb-spacing-left-small:1.92%;\"><div class=\"fusion-column-wrapper fusion-column-has-shadow fusion-flex-justify-content-flex-start fusion-content-layout-column\"><div class=\"fusion-title title fusion-title-1 fusion-sep-none fusion-title-text fusion-title-size-two\" style=\"--awb-text-color:#357aba;--awb-font-size:24px;\"><h2 class=\"fusion-title-heading title-heading-left fusion-responsive-typography-calculated\" style=\"margin:0;font-size:1em;--fontSize:24;line-height:1.2;\">Considere dirigir su donaci\u00f3n de United Way a Catholic Social Services<\/h2><\/div><div class=\"fusion-text fusion-text-3\" style=\"--awb-text-transform:none;\"><p>La Campa\u00f1a de United Way se encuentra actualmente en curso en los lugares de trabajo de toda la regi\u00f3n. Catholic Social Services cuenta con programas y servicios que afirman, asisten y defienden a las personas necesitadas en todo el sudeste de Pensilvania. Puede apoyar nuestra misi\u00f3n de ayudar y crear esperanza seleccionando la Opci\u00f3n de elecci\u00f3n del donador y designando a Catholic Social Services de manera general o indicando un programa o servicio concreto de CSS.<\/p>\n<p>Para dirigir su donaci\u00f3n de United Way \u201cdesignada por el donador\u201d:<\/p>\n<ol type=\"1\">\n<li>Seleccione la opci\u00f3n Donor Choice (elecci\u00f3n del donador) en el formulario de promesa de donaci\u00f3n que recibi\u00f3 de su empleador.<\/li>\n<li>Destine su donaci\u00f3n a uno de los organismos o programas que figuran a continuaci\u00f3n. Simplemente ingrese el c\u00f3digo del programa que elija financiar en el formulario de promesa de donaci\u00f3n.<\/li>\n<\/ol>\n<\/div>\n<div class=\"table-1\">\n<table width=\"100%\">\n<thead>\n<tr>\n<th align=\"left\">Programa<\/th>\n<th align=\"left\">UW Code#<\/th>\n<\/tr>\n<\/thead>\n<tbody>\n<tr>\n<td align=\"left\">Catholic Social Services (todos los programas)<\/td>\n<td align=\"left\">17<\/td>\n<\/tr>\n<tr>\n<td align=\"left\">Programas Out of School Time (extraescolares)<\/td>\n<td align=\"left\">46988<\/td>\n<\/tr>\n<tr>\n<td align=\"left\">Cardinal Krol Center (ahora conocido como Don Guanella Homes)<\/td>\n<td align=\"left\">1408<\/td>\n<\/tr>\n<tr>\n<td align=\"left\">Casa del Carmen<\/td>\n<td align=\"left\">14<\/td>\n<\/tr>\n<tr>\n<td align=\"left\">Divine Providence Village<\/td>\n<td align=\"left\">529<\/td>\n<\/tr>\n<tr>\n<td align=\"left\">Programa Good Shepherd (Buen pastor)<\/td>\n<td align=\"left\">370<\/td>\n<\/tr>\n<tr>\n<td align=\"left\">McAuley House<\/td>\n<td align=\"left\">6790<\/td>\n<\/tr>\n<tr>\n<td align=\"left\">Mercy Hospice<\/td>\n<td align=\"left\">83<\/td>\n<\/tr>\n<tr>\n<td align=\"left\">St. Edmond\u2019s Home for Children (hogar para ni\u00f1os)<\/td>\n<td align=\"left\">292<\/td>\n<\/tr>\n<tr>\n<td align=\"left\">St. Edmond\u2019s Senior Community Center (centro comunitario para la tercera edad)<\/td>\n<td align=\"left\">4755<\/td>\n<\/tr>\n<tr>\n<td align=\"left\">St. Francis &amp; St. Joseph Homes for Children (hogares para ni\u00f1os)<\/td>\n<td align=\"left\">104<\/td>\n<\/tr>\n<tr>\n<td align=\"left\">St. John&#8217;s Hospice (St. John&#8217;s Hospicio)<\/td>\n<td align=\"left\">272<\/td>\n<\/tr>\n<tr>\n<td align=\"left\">Visitation Homes<\/td>\n<td align=\"left\">15396<\/td>\n<\/tr>\n<tr>\n<td align=\"left\">Women of Hope-Lombard<\/td>\n<td align=\"left\">6227<\/td>\n<\/tr>\n<tr>\n<td align=\"left\">Women of Hope-Vine<\/td>\n<td align=\"left\">6785<\/td>\n<\/tr>\n<\/tbody>\n<\/table><\/div>\n<div class=\"fusion-text fusion-text-4\" style=\"--awb-text-transform:none;\"><p>\u00a1Gracias por apoyar las obras ben\u00e9ficas administradas por Catholic Social Services de la archidi\u00f3cesis de Filadelfia!<\/p>\n<\/div><div class=\"fusion-text fusion-text-5\" style=\"--awb-font-size:12px;--awb-text-transform:none;\"><p>Nota: Estos c\u00f3digos solo se aplican a United Way del \u00e1rea metropolitana de Filadelfia y del sur de New Jersey. Para otras agencias de United Way o Campa\u00f1as Federales Combinadas, debe escribir el nombre completo y la direcci\u00f3n del centro designado en su formulario de promesa de donaci\u00f3n.<\/p>\n<\/div><\/div><\/div><\/div><\/div><\/p>\n","protected":false},"excerpt":{"rendered":"","protected":false},"author":1,"featured_media":5210,"parent":0,"menu_order":4,"comment_status":"closed","ping_status":"closed","template":"","meta":{"footnotes":"","_links_to":"","_links_to_target":""},"class_list":["post-5999","page","type-page","status-publish","has-post-thumbnail","hentry"],"acf":[],"yoast_head":"<!-- This site is optimized with the Yoast SEO plugin v27.3 - https:\/\/yoast.com\/product\/yoast-seo-wordpress\/ -->\n<title>Donar - Catholic Social Services<\/title>\n<meta name=\"robots\" content=\"index, follow, max-snippet:-1, max-image-preview:large, max-video-preview:-1\" \/>\n<link rel=\"canonical\" href=\"https:\/\/cssphiladelphia.org\/donar\/?lang=es\" \/>\n<meta property=\"og:locale\" content=\"es_ES\" \/>\n<meta property=\"og:type\" content=\"article\" \/>\n<meta property=\"og:title\" content=\"Donar - Catholic Social Services\" \/>\n<meta property=\"og:url\" content=\"https:\/\/cssphiladelphia.org\/donar\/?lang=es\" \/>\n<meta property=\"og:site_name\" content=\"Catholic Social Services\" \/>\n<meta property=\"article:modified_time\" content=\"2023-07-12T19:20:58+00:00\" \/>\n<meta property=\"og:image\" content=\"https:\/\/cssphiladelphia.org\/wp-content\/uploads\/2021\/11\/Marthas-Choice-Nov-2020-2-e1636728458947.jpg\" \/>\n\t<meta property=\"og:image:width\" content=\"1300\" \/>\n\t<meta property=\"og:image:height\" content=\"344\" \/>\n\t<meta property=\"og:image:type\" content=\"image\/jpeg\" \/>\n<meta name=\"twitter:card\" content=\"summary_large_image\" \/>\n<meta name=\"twitter:label1\" content=\"Tiempo de lectura\" \/>\n\t<meta name=\"twitter:data1\" content=\"9 minutos\" \/>\n<script type=\"application\/ld+json\" class=\"yoast-schema-graph\">{\"@context\":\"https:\\\/\\\/schema.org\",\"@graph\":[{\"@type\":\"WebPage\",\"@id\":\"https:\\\/\\\/cssphiladelphia.org\\\/donar\\\/?lang=es\",\"url\":\"https:\\\/\\\/cssphiladelphia.org\\\/donar\\\/?lang=es\",\"name\":\"Donar - Catholic Social Services\",\"isPartOf\":{\"@id\":\"https:\\\/\\\/cssphiladelphia.org\\\/#website\"},\"primaryImageOfPage\":{\"@id\":\"https:\\\/\\\/cssphiladelphia.org\\\/donar\\\/?lang=es#primaryimage\"},\"image\":{\"@id\":\"https:\\\/\\\/cssphiladelphia.org\\\/donar\\\/?lang=es#primaryimage\"},\"thumbnailUrl\":\"https:\\\/\\\/cssphiladelphia.org\\\/wp-content\\\/uploads\\\/2021\\\/11\\\/Marthas-Choice-Nov-2020-2-e1636728458947.jpg\",\"datePublished\":\"2023-01-18T21:22:53+00:00\",\"dateModified\":\"2023-07-12T19:20:58+00:00\",\"breadcrumb\":{\"@id\":\"https:\\\/\\\/cssphiladelphia.org\\\/donar\\\/?lang=es#breadcrumb\"},\"inLanguage\":\"es\",\"potentialAction\":[{\"@type\":\"ReadAction\",\"target\":[\"https:\\\/\\\/cssphiladelphia.org\\\/donar\\\/?lang=es\"]}]},{\"@type\":\"ImageObject\",\"inLanguage\":\"es\",\"@id\":\"https:\\\/\\\/cssphiladelphia.org\\\/donar\\\/?lang=es#primaryimage\",\"url\":\"https:\\\/\\\/cssphiladelphia.org\\\/wp-content\\\/uploads\\\/2021\\\/11\\\/Marthas-Choice-Nov-2020-2-e1636728458947.jpg\",\"contentUrl\":\"https:\\\/\\\/cssphiladelphia.org\\\/wp-content\\\/uploads\\\/2021\\\/11\\\/Marthas-Choice-Nov-2020-2-e1636728458947.jpg\",\"width\":1300,\"height\":344},{\"@type\":\"BreadcrumbList\",\"@id\":\"https:\\\/\\\/cssphiladelphia.org\\\/donar\\\/?lang=es#breadcrumb\",\"itemListElement\":[{\"@type\":\"ListItem\",\"position\":1,\"name\":\"Inicio\",\"item\":\"https:\\\/\\\/cssphiladelphia.org\\\/?lang=es\"},{\"@type\":\"ListItem\",\"position\":2,\"name\":\"Donar\"}]},{\"@type\":\"WebSite\",\"@id\":\"https:\\\/\\\/cssphiladelphia.org\\\/#website\",\"url\":\"https:\\\/\\\/cssphiladelphia.org\\\/\",\"name\":\"Catholic Social Services\",\"description\":\"\",\"potentialAction\":[{\"@type\":\"SearchAction\",\"target\":{\"@type\":\"EntryPoint\",\"urlTemplate\":\"https:\\\/\\\/cssphiladelphia.org\\\/?s={search_term_string}\"},\"query-input\":{\"@type\":\"PropertyValueSpecification\",\"valueRequired\":true,\"valueName\":\"search_term_string\"}}],\"inLanguage\":\"es\"}]}<\/script>\n<!-- \/ Yoast SEO plugin. -->","yoast_head_json":{"title":"Donar - Catholic Social Services","robots":{"index":"index","follow":"follow","max-snippet":"max-snippet:-1","max-image-preview":"max-image-preview:large","max-video-preview":"max-video-preview:-1"},"canonical":"https:\/\/cssphiladelphia.org\/donar\/?lang=es","og_locale":"es_ES","og_type":"article","og_title":"Donar - Catholic Social Services","og_url":"https:\/\/cssphiladelphia.org\/donar\/?lang=es","og_site_name":"Catholic Social Services","article_modified_time":"2023-07-12T19:20:58+00:00","og_image":[{"width":1300,"height":344,"url":"https:\/\/cssphiladelphia.org\/wp-content\/uploads\/2021\/11\/Marthas-Choice-Nov-2020-2-e1636728458947.jpg","type":"image\/jpeg"}],"twitter_card":"summary_large_image","twitter_misc":{"Tiempo de lectura":"9 minutos"},"schema":{"@context":"https:\/\/schema.org","@graph":[{"@type":"WebPage","@id":"https:\/\/cssphiladelphia.org\/donar\/?lang=es","url":"https:\/\/cssphiladelphia.org\/donar\/?lang=es","name":"Donar - Catholic Social Services","isPartOf":{"@id":"https:\/\/cssphiladelphia.org\/#website"},"primaryImageOfPage":{"@id":"https:\/\/cssphiladelphia.org\/donar\/?lang=es#primaryimage"},"image":{"@id":"https:\/\/cssphiladelphia.org\/donar\/?lang=es#primaryimage"},"thumbnailUrl":"https:\/\/cssphiladelphia.org\/wp-content\/uploads\/2021\/11\/Marthas-Choice-Nov-2020-2-e1636728458947.jpg","datePublished":"2023-01-18T21:22:53+00:00","dateModified":"2023-07-12T19:20:58+00:00","breadcrumb":{"@id":"https:\/\/cssphiladelphia.org\/donar\/?lang=es#breadcrumb"},"inLanguage":"es","potentialAction":[{"@type":"ReadAction","target":["https:\/\/cssphiladelphia.org\/donar\/?lang=es"]}]},{"@type":"ImageObject","inLanguage":"es","@id":"https:\/\/cssphiladelphia.org\/donar\/?lang=es#primaryimage","url":"https:\/\/cssphiladelphia.org\/wp-content\/uploads\/2021\/11\/Marthas-Choice-Nov-2020-2-e1636728458947.jpg","contentUrl":"https:\/\/cssphiladelphia.org\/wp-content\/uploads\/2021\/11\/Marthas-Choice-Nov-2020-2-e1636728458947.jpg","width":1300,"height":344},{"@type":"BreadcrumbList","@id":"https:\/\/cssphiladelphia.org\/donar\/?lang=es#breadcrumb","itemListElement":[{"@type":"ListItem","position":1,"name":"Inicio","item":"https:\/\/cssphiladelphia.org\/?lang=es"},{"@type":"ListItem","position":2,"name":"Donar"}]},{"@type":"WebSite","@id":"https:\/\/cssphiladelphia.org\/#website","url":"https:\/\/cssphiladelphia.org\/","name":"Catholic Social Services","description":"","potentialAction":[{"@type":"SearchAction","target":{"@type":"EntryPoint","urlTemplate":"https:\/\/cssphiladelphia.org\/?s={search_term_string}"},"query-input":{"@type":"PropertyValueSpecification","valueRequired":true,"valueName":"search_term_string"}}],"inLanguage":"es"}]}},"_links":{"self":[{"href":"https:\/\/cssphiladelphia.org\/es\/wp-json\/wp\/v2\/pages\/5999","targetHints":{"allow":["GET"]}}],"collection":[{"href":"https:\/\/cssphiladelphia.org\/es\/wp-json\/wp\/v2\/pages"}],"about":[{"href":"https:\/\/cssphiladelphia.org\/es\/wp-json\/wp\/v2\/types\/page"}],"author":[{"embeddable":true,"href":"https:\/\/cssphiladelphia.org\/es\/wp-json\/wp\/v2\/users\/1"}],"replies":[{"embeddable":true,"href":"https:\/\/cssphiladelphia.org\/es\/wp-json\/wp\/v2\/comments?post=5999"}],"version-history":[{"count":6,"href":"https:\/\/cssphiladelphia.org\/es\/wp-json\/wp\/v2\/pages\/5999\/revisions"}],"predecessor-version":[{"id":10910,"href":"https:\/\/cssphiladelphia.org\/es\/wp-json\/wp\/v2\/pages\/5999\/revisions\/10910"}],"wp:featuredmedia":[{"embeddable":true,"href":"https:\/\/cssphiladelphia.org\/es\/wp-json\/wp\/v2\/media\/5210"}],"wp:attachment":[{"href":"https:\/\/cssphiladelphia.org\/es\/wp-json\/wp\/v2\/media?parent=5999"}],"curies":[{"name":"wp","href":"https:\/\/api.w.org\/{rel}","templated":true}]}}