{"id":6015,"date":"2023-01-23T18:33:28","date_gmt":"2023-01-23T18:33:28","guid":{"rendered":"https:\/\/cssphiladelphia.org\/acerca-de-css\/"},"modified":"2023-07-12T15:25:27","modified_gmt":"2023-07-12T19:25:27","slug":"acerca-de-css","status":"publish","type":"page","link":"https:\/\/cssphiladelphia.org\/es\/acerca-de-css\/","title":{"rendered":"Acerca de CSS"},"content":{"rendered":"<div class=\"fusion-fullwidth fullwidth-box fusion-builder-row-1 fusion-flex-container nonhundred-percent-fullwidth non-hundred-percent-height-scrolling\" style=\"--awb-border-radius-top-left:0px;--awb-border-radius-top-right:0px;--awb-border-radius-bottom-right:0px;--awb-border-radius-bottom-left:0px;--awb-padding-bottom:0px;--awb-flex-wrap:wrap;\" ><div class=\"fusion-builder-row fusion-row fusion-flex-align-items-flex-start fusion-flex-content-wrap\" style=\"max-width:1248px;margin-left: calc(-4% \/ 2 );margin-right: calc(-4% \/ 2 );\"><div class=\"fusion-layout-column fusion_builder_column fusion-builder-column-0 fusion_builder_column_3_5 3_5 fusion-flex-column\" style=\"--awb-bg-size:cover;--awb-width-large:60%;--awb-margin-top-large:0px;--awb-spacing-right-large:0%;--awb-margin-bottom-large:20px;--awb-spacing-left-large:3.2%;--awb-width-medium:100%;--awb-order-medium:0;--awb-spacing-right-medium:1.92%;--awb-spacing-left-medium:1.92%;--awb-width-small:100%;--awb-order-small:0;--awb-spacing-right-small:1.92%;--awb-spacing-left-small:1.92%;\"><div class=\"fusion-column-wrapper fusion-column-has-shadow fusion-flex-justify-content-flex-start fusion-content-layout-column\"><div class=\"fusion-title title fusion-title-1 fusion-sep-none fusion-title-text fusion-title-size-two\" style=\"--awb-text-color:#357aba;--awb-margin-bottom:40px;--awb-font-size:80px;\"><h2 class=\"fusion-title-heading title-heading-left fusion-responsive-typography-calculated\" style=\"margin:0;font-size:1em;--fontSize:80;line-height:1.2;\">Catholic Social Services (Servicios Sociales Cat\u00f3licos)<\/h2><\/div><div class=\"fusion-separator\" style=\"align-self: flex-start;margin-right:auto;margin-bottom:30px;width:100%;max-width:200px;\"><div class=\"fusion-separator-border sep-single sep-solid\" style=\"--awb-height:20px;--awb-amount:20px;border-color:#357aba;border-top-width:7px;\"><\/div><\/div><div class=\"fusion-text fusion-text-1\"><p>Catholic Social Services de la archidi\u00f3cesis de Filadelfia se compone de diversas agencias ben\u00e9ficas cat\u00f3licas dedicadas a asistir a hombres, mujeres y ni\u00f1os necesitados de toda la regi\u00f3n de Filadelfia. Catholic Social Services (CSS) lleva a cabo obras ben\u00e9ficas de la Iglesia cat\u00f3lica en la comunidad.<\/p>\n<p>Los <a href=\"https:\/\/cssphiladelphia.org\/services\/\">servicios<\/a> incluyen programas de tratamiento residenciales para ni\u00f1os en riesgo, centros de servicio a la familia, acogimiento familiar, adopci\u00f3n, servicios inmigratorios, apoyo psicol\u00f3gico, centros para la tercera edad, programaci\u00f3n para personas mayores, viviendas de transici\u00f3n, servicios para personas indigentes, y atenci\u00f3n para hombres y mujeres con un estado de salud fr\u00e1gil. Adem\u00e1s, CSS ofrece programas de educaci\u00f3n comunitarios a j\u00f3venes juzgados por un tribunal, y patrocina la atenci\u00f3n residencial y comunitaria de personas con un retraso del desarrollo.<\/p>\n<p>Catholic Social Services satisface las necesidades de la comunidad de Filadelfia desde sus inicios en 1797, cuando los seglares cat\u00f3licos brindaron cuidados residenciales a ni\u00f1os que quedaron hu\u00e9rfanos por la epidemia de fiebre amarilla. En 1919, CSS se constituy\u00f3 como Catholic Children\u2019s Bureau (Oficina Cat\u00f3lica para la Infancia), y luego cambi\u00f3 su nombre a Catholic Social Services (Servicios Sociales Cat\u00f3licos) para representar mejor nuestra variada gama de servicios.<\/p>\n<p>Actualmente, CSS es una de las mayores instituciones cat\u00f3licas privadas, sin fines de lucro, que brinda servicios sociales en el sudeste de Pensilvania.<span class=\"Apple-converted-space\"><br \/><\/span><\/p>\n<\/p>\n<p>Como organizaci\u00f3n ben\u00e9fica cat\u00f3lica que ocupa una posici\u00f3n destacada en la regi\u00f3n, CSS beneficia a m\u00e1s de 175.000 personas al a\u00f1o. Motivada por su misi\u00f3n de atender a los miembros m\u00e1s vulnerables y de riesgo de nuestra sociedad, CSS ofrece una variedad de programas comunitarios y residenciales para apoyar y asistir a los hombres, mujeres y ni\u00f1os que viven en Filadelfia y sus cuatro condados vecinos. Los servicios tocan a diario las vidas de inmigrantes, indigentes, mujeres en crisis, j\u00f3venes adictos o delincuentes, personas mayores y aquellos con discapacidades intelectuales. Catholic Social Services brinda ayuda y crea esperanza para personas de todas las condiciones sociales.<\/p>\n<p>En Catholic Social Services, cambiamos las vidas de las personas con compasi\u00f3n colmada de fe. Invitamos a las comunidades a ayudar a aquellos que lo necesitan. Promovemos la independencia, oportunidad y dignidad.<\/p>\n<\/div><div class=\"fusion-modal modal fade modal-1 donate donate-modal\" tabindex=\"-1\" role=\"dialog\" aria-labelledby=\"modal-heading-1\" aria-hidden=\"true\" style=\"--awb-border-color:#ffffff;--awb-background:#357aba;\"><div class=\"modal-dialog modal-lg\" role=\"document\"><div class=\"modal-content fusion-modal-content\"><div class=\"modal-header\"><button class=\"close\" type=\"button\" data-dismiss=\"modal\" aria-hidden=\"true\" aria-label=\"Close\">&times;<\/button><h3 class=\"modal-title\" id=\"modal-heading-1\" data-dismiss=\"modal\" aria-hidden=\"true\">Apoya Catholic Social Services<\/h3><\/div><div class=\"modal-body fusion-clearfix\">\n\n          <div id=\"bbox-root\"><\/div>\n          \n\n          <script type=\"text\/javascript\">\n       window.bboxInit = function () {\n           bbox.showForm('d4fc4c46-a2dd-436f-82b5-551bdaaf9565');\n       };\n       (function () {\n           var e = document.createElement('script'); e.async = true;\n           e.src = 'https:\/\/bbox.blackbaudhosting.com\/webforms\/bbox-min.js';\n           document.getElementsByTagName('head')[0].appendChild(e);\n       } ());\n<\/script>\n        \n<\/div><div class=\"modal-footer\"><button class=\"fusion-button button-default button-medium button default medium\" type=\"button\" data-dismiss=\"modal\">Close<\/button><\/div><\/div><\/div><\/div><\/div><\/div><div class=\"fusion-layout-column fusion_builder_column fusion-builder-column-1 fusion_builder_column_2_5 2_5 fusion-flex-column\" style=\"--awb-bg-size:cover;--awb-width-large:40%;--awb-margin-top-large:0px;--awb-spacing-right-large:4.8%;--awb-margin-bottom-large:20px;--awb-spacing-left-large:4.8%;--awb-width-medium:100%;--awb-order-medium:0;--awb-spacing-right-medium:1.92%;--awb-spacing-left-medium:1.92%;--awb-width-small:100%;--awb-order-small:0;--awb-spacing-right-small:1.92%;--awb-spacing-left-small:1.92%;\"><div class=\"fusion-column-wrapper fusion-column-has-shadow fusion-flex-justify-content-flex-start fusion-content-layout-column\"><div class=\"fusion-image-carousel fusion-image-carousel-auto fusion-image-carousel-1 fusion-carousel-border\"><div class=\"awb-carousel awb-swiper awb-swiper-carousel\" data-autoplay=\"yes\" data-columns=\"1\" data-itemmargin=\"1\" data-itemwidth=\"180\" data-touchscroll=\"no\" data-imagesize=\"auto\" style=\"--awb-columns:1;--awb-column-spacing:1px;\"><div class=\"swiper-wrapper awb-image-carousel-wrapper fusion-flex-align-items-center\"><div class=\"swiper-slide\"><div class=\"fusion-carousel-item-wrapper\"><div class=\"fusion-image-wrapper hover-type-none\"><img decoding=\"async\" width=\"1707\" height=\"2560\" src=\"https:\/\/cssphiladelphia.org\/wp-content\/uploads\/2021\/10\/CSS_032713_029-scaled.jpg\" class=\"attachment-full size-full lazyload\" alt=\"\" srcset=\"data:image\/svg+xml,%3Csvg%20xmlns%3D%27http%3A%2F%2Fwww.w3.org%2F2000%2Fsvg%27%20width%3D%271707%27%20height%3D%272560%27%20viewBox%3D%270%200%201707%202560%27%3E%3Crect%20width%3D%271707%27%20height%3D%272560%27%20fill-opacity%3D%220%22%2F%3E%3C%2Fsvg%3E\" data-orig-src=\"https:\/\/cssphiladelphia.org\/wp-content\/uploads\/2021\/10\/CSS_032713_029-scaled.jpg\" data-srcset=\"https:\/\/cssphiladelphia.org\/wp-content\/uploads\/2021\/10\/CSS_032713_029-200x300.jpg 200w, https:\/\/cssphiladelphia.org\/wp-content\/uploads\/2021\/10\/CSS_032713_029-400x600.jpg 400w, https:\/\/cssphiladelphia.org\/wp-content\/uploads\/2021\/10\/CSS_032713_029-600x900.jpg 600w, https:\/\/cssphiladelphia.org\/wp-content\/uploads\/2021\/10\/CSS_032713_029-683x1024.jpg 683w, https:\/\/cssphiladelphia.org\/wp-content\/uploads\/2021\/10\/CSS_032713_029-768x1152.jpg 768w, https:\/\/cssphiladelphia.org\/wp-content\/uploads\/2021\/10\/CSS_032713_029-800x1200.jpg 800w, https:\/\/cssphiladelphia.org\/wp-content\/uploads\/2021\/10\/CSS_032713_029-1024x1536.jpg 1024w, https:\/\/cssphiladelphia.org\/wp-content\/uploads\/2021\/10\/CSS_032713_029-1200x1800.jpg 1200w, https:\/\/cssphiladelphia.org\/wp-content\/uploads\/2021\/10\/CSS_032713_029-1366x2048.jpg 1366w, https:\/\/cssphiladelphia.org\/wp-content\/uploads\/2021\/10\/CSS_032713_029-scaled.jpg 1707w\" data-sizes=\"auto\" \/><\/div><\/div><\/div><div class=\"swiper-slide\"><div class=\"fusion-carousel-item-wrapper\"><div class=\"fusion-image-wrapper hover-type-none\"><img decoding=\"async\" width=\"1707\" height=\"2560\" src=\"https:\/\/cssphiladelphia.org\/wp-content\/uploads\/2021\/10\/CSS_032713_260-scaled.jpg\" class=\"attachment-full size-full lazyload\" alt=\"\" srcset=\"data:image\/svg+xml,%3Csvg%20xmlns%3D%27http%3A%2F%2Fwww.w3.org%2F2000%2Fsvg%27%20width%3D%271707%27%20height%3D%272560%27%20viewBox%3D%270%200%201707%202560%27%3E%3Crect%20width%3D%271707%27%20height%3D%272560%27%20fill-opacity%3D%220%22%2F%3E%3C%2Fsvg%3E\" data-orig-src=\"https:\/\/cssphiladelphia.org\/wp-content\/uploads\/2021\/10\/CSS_032713_260-scaled.jpg\" data-srcset=\"https:\/\/cssphiladelphia.org\/wp-content\/uploads\/2021\/10\/CSS_032713_260-200x300.jpg 200w, https:\/\/cssphiladelphia.org\/wp-content\/uploads\/2021\/10\/CSS_032713_260-400x600.jpg 400w, https:\/\/cssphiladelphia.org\/wp-content\/uploads\/2021\/10\/CSS_032713_260-600x900.jpg 600w, https:\/\/cssphiladelphia.org\/wp-content\/uploads\/2021\/10\/CSS_032713_260-683x1024.jpg 683w, https:\/\/cssphiladelphia.org\/wp-content\/uploads\/2021\/10\/CSS_032713_260-768x1152.jpg 768w, https:\/\/cssphiladelphia.org\/wp-content\/uploads\/2021\/10\/CSS_032713_260-800x1200.jpg 800w, https:\/\/cssphiladelphia.org\/wp-content\/uploads\/2021\/10\/CSS_032713_260-1024x1536.jpg 1024w, https:\/\/cssphiladelphia.org\/wp-content\/uploads\/2021\/10\/CSS_032713_260-1200x1800.jpg 1200w, https:\/\/cssphiladelphia.org\/wp-content\/uploads\/2021\/10\/CSS_032713_260-1366x2048.jpg 1366w, https:\/\/cssphiladelphia.org\/wp-content\/uploads\/2021\/10\/CSS_032713_260-scaled.jpg 1707w\" data-sizes=\"auto\" \/><\/div><\/div><\/div><div class=\"swiper-slide\"><div class=\"fusion-carousel-item-wrapper\"><div class=\"fusion-image-wrapper hover-type-none\"><img decoding=\"async\" width=\"1707\" height=\"2560\" src=\"https:\/\/cssphiladelphia.org\/wp-content\/uploads\/2021\/10\/IMG_1862-scaled.jpg\" class=\"attachment-full size-full lazyload\" alt=\"\" srcset=\"data:image\/svg+xml,%3Csvg%20xmlns%3D%27http%3A%2F%2Fwww.w3.org%2F2000%2Fsvg%27%20width%3D%271707%27%20height%3D%272560%27%20viewBox%3D%270%200%201707%202560%27%3E%3Crect%20width%3D%271707%27%20height%3D%272560%27%20fill-opacity%3D%220%22%2F%3E%3C%2Fsvg%3E\" data-orig-src=\"https:\/\/cssphiladelphia.org\/wp-content\/uploads\/2021\/10\/IMG_1862-scaled.jpg\" data-srcset=\"https:\/\/cssphiladelphia.org\/wp-content\/uploads\/2021\/10\/IMG_1862-200x300.jpg 200w, https:\/\/cssphiladelphia.org\/wp-content\/uploads\/2021\/10\/IMG_1862-400x600.jpg 400w, https:\/\/cssphiladelphia.org\/wp-content\/uploads\/2021\/10\/IMG_1862-600x900.jpg 600w, https:\/\/cssphiladelphia.org\/wp-content\/uploads\/2021\/10\/IMG_1862-683x1024.jpg 683w, https:\/\/cssphiladelphia.org\/wp-content\/uploads\/2021\/10\/IMG_1862-768x1152.jpg 768w, https:\/\/cssphiladelphia.org\/wp-content\/uploads\/2021\/10\/IMG_1862-800x1200.jpg 800w, https:\/\/cssphiladelphia.org\/wp-content\/uploads\/2021\/10\/IMG_1862-1024x1536.jpg 1024w, https:\/\/cssphiladelphia.org\/wp-content\/uploads\/2021\/10\/IMG_1862-1200x1800.jpg 1200w, https:\/\/cssphiladelphia.org\/wp-content\/uploads\/2021\/10\/IMG_1862-1365x2048.jpg 1365w, https:\/\/cssphiladelphia.org\/wp-content\/uploads\/2021\/10\/IMG_1862-scaled.jpg 1707w\" data-sizes=\"auto\" \/><\/div><\/div><\/div><\/div><div class=\"awb-swiper-button awb-swiper-button-prev\"><i class=\"awb-icon-angle-left\" aria-hidden=\"true\"><\/i><\/div><div class=\"awb-swiper-button awb-swiper-button-next\"><i class=\"awb-icon-angle-right\" aria-hidden=\"true\"><\/i><\/div><\/div><\/div><style type='text\/css'>.reading-box-container-1 .element-bottomshadow:before,.reading-box-container-1 .element-bottomshadow:after{opacity:0.7;}<\/style><div class=\"fusion-reading-box-container reading-box-container-1\" style=\"--awb-title-color:#212934;--awb-margin-top:0px;--awb-margin-bottom:20px;\"><div class=\"reading-box element-bottomshadow\" style=\"background-color:#f9f9fb;border-width:1px;border-color:#357aba;border-top-width:3px;border-top-color:var(--primary_color);border-style:solid;\"><h2>Apoya Catholic Social Services <\/h2><div class=\"reading-box-description fusion-reading-box-additional\">Los programas beneficiaron a 174,000 personas el a\u00f1o pasado!<br><br><\/div><div class=\"reading-box-additional\"><div class=\"fusion-button-wrapper\"><a class=\"fusion-button button-flat fusion-button-default-size button-default fusion-button-default button-1 fusion-button-default-span fusion-button-default-type\" target=\"_self\" href=\"https:\/\/cssphiladelphia.org\/es\/donar\/\"><i class=\"fa-hand-holding-heart fas button-icon-left\" aria-hidden=\"true\"><\/i><span class=\"fusion-button-text\">Donar<\/span><\/a><\/div><\/div><div class=\"fusion-clearfix\"><\/div><\/div><\/div>\n<\/div><\/div><\/div><\/div>\n","protected":false},"excerpt":{"rendered":"","protected":false},"author":1,"featured_media":5136,"parent":0,"menu_order":4,"comment_status":"closed","ping_status":"closed","template":"","meta":{"footnotes":"","_links_to":"","_links_to_target":""},"class_list":["post-6015","page","type-page","status-publish","has-post-thumbnail","hentry"],"acf":[],"yoast_head":"<!-- This site is optimized with the Yoast SEO plugin v27.4 - https:\/\/yoast.com\/product\/yoast-seo-wordpress\/ -->\n<title>Acerca de CSS - Catholic Social Services<\/title>\n<meta name=\"robots\" content=\"index, follow, max-snippet:-1, max-image-preview:large, max-video-preview:-1\" \/>\n<link rel=\"canonical\" href=\"https:\/\/cssphiladelphia.org\/about\/\" \/>\n<meta property=\"og:locale\" content=\"es_ES\" \/>\n<meta property=\"og:type\" content=\"article\" \/>\n<meta property=\"og:title\" content=\"Acerca de CSS - Catholic Social Services\" \/>\n<meta property=\"og:url\" content=\"https:\/\/cssphiladelphia.org\/about\/\" \/>\n<meta property=\"og:site_name\" content=\"Catholic Social Services\" \/>\n<meta property=\"article:modified_time\" content=\"2023-07-12T19:25:27+00:00\" \/>\n<meta property=\"og:image\" content=\"https:\/\/cssphiladelphia.org\/wp-content\/uploads\/2021\/08\/Kathy-and-Blessing-1-scaled.jpg\" \/>\n\t<meta property=\"og:image:width\" content=\"2560\" \/>\n\t<meta property=\"og:image:height\" content=\"1707\" \/>\n\t<meta property=\"og:image:type\" content=\"image\/jpeg\" \/>\n<meta name=\"twitter:card\" content=\"summary_large_image\" \/>\n<meta name=\"twitter:label1\" content=\"Tiempo de lectura\" \/>\n\t<meta name=\"twitter:data1\" content=\"6 minutos\" \/>\n<script type=\"application\/ld+json\" class=\"yoast-schema-graph\">{\"@context\":\"https:\\\/\\\/schema.org\",\"@graph\":[{\"@type\":\"WebPage\",\"@id\":\"https:\\\/\\\/cssphiladelphia.org\\\/about\\\/\",\"url\":\"https:\\\/\\\/cssphiladelphia.org\\\/about\\\/\",\"name\":\"Acerca de CSS - Catholic Social Services\",\"isPartOf\":{\"@id\":\"https:\\\/\\\/cssphiladelphia.org\\\/#website\"},\"primaryImageOfPage\":{\"@id\":\"https:\\\/\\\/cssphiladelphia.org\\\/about\\\/#primaryimage\"},\"image\":{\"@id\":\"https:\\\/\\\/cssphiladelphia.org\\\/about\\\/#primaryimage\"},\"thumbnailUrl\":\"https:\\\/\\\/cssphiladelphia.org\\\/wp-content\\\/uploads\\\/2021\\\/08\\\/Kathy-and-Blessing-1-scaled.jpg\",\"datePublished\":\"2023-01-23T18:33:28+00:00\",\"dateModified\":\"2023-07-12T19:25:27+00:00\",\"breadcrumb\":{\"@id\":\"https:\\\/\\\/cssphiladelphia.org\\\/about\\\/#breadcrumb\"},\"inLanguage\":\"es\",\"potentialAction\":[{\"@type\":\"ReadAction\",\"target\":[\"https:\\\/\\\/cssphiladelphia.org\\\/about\\\/\"]}]},{\"@type\":\"ImageObject\",\"inLanguage\":\"es\",\"@id\":\"https:\\\/\\\/cssphiladelphia.org\\\/about\\\/#primaryimage\",\"url\":\"https:\\\/\\\/cssphiladelphia.org\\\/wp-content\\\/uploads\\\/2021\\\/08\\\/Kathy-and-Blessing-1-scaled.jpg\",\"contentUrl\":\"https:\\\/\\\/cssphiladelphia.org\\\/wp-content\\\/uploads\\\/2021\\\/08\\\/Kathy-and-Blessing-1-scaled.jpg\",\"width\":2560,\"height\":1707},{\"@type\":\"BreadcrumbList\",\"@id\":\"https:\\\/\\\/cssphiladelphia.org\\\/about\\\/#breadcrumb\",\"itemListElement\":[{\"@type\":\"ListItem\",\"position\":1,\"name\":\"Inicio\",\"item\":\"https:\\\/\\\/cssphiladelphia.org\\\/?lang=es\"},{\"@type\":\"ListItem\",\"position\":2,\"name\":\"Acerca de CSS\"}]},{\"@type\":\"WebSite\",\"@id\":\"https:\\\/\\\/cssphiladelphia.org\\\/#website\",\"url\":\"https:\\\/\\\/cssphiladelphia.org\\\/\",\"name\":\"Catholic Social Services\",\"description\":\"\",\"potentialAction\":[{\"@type\":\"SearchAction\",\"target\":{\"@type\":\"EntryPoint\",\"urlTemplate\":\"https:\\\/\\\/cssphiladelphia.org\\\/?s={search_term_string}\"},\"query-input\":{\"@type\":\"PropertyValueSpecification\",\"valueRequired\":true,\"valueName\":\"search_term_string\"}}],\"inLanguage\":\"es\"}]}<\/script>\n<!-- \/ Yoast SEO plugin. -->","yoast_head_json":{"title":"Acerca de CSS - Catholic Social Services","robots":{"index":"index","follow":"follow","max-snippet":"max-snippet:-1","max-image-preview":"max-image-preview:large","max-video-preview":"max-video-preview:-1"},"canonical":"https:\/\/cssphiladelphia.org\/about\/","og_locale":"es_ES","og_type":"article","og_title":"Acerca de CSS - Catholic Social Services","og_url":"https:\/\/cssphiladelphia.org\/about\/","og_site_name":"Catholic Social Services","article_modified_time":"2023-07-12T19:25:27+00:00","og_image":[{"width":2560,"height":1707,"url":"https:\/\/cssphiladelphia.org\/wp-content\/uploads\/2021\/08\/Kathy-and-Blessing-1-scaled.jpg","type":"image\/jpeg"}],"twitter_card":"summary_large_image","twitter_misc":{"Tiempo de lectura":"6 minutos"},"schema":{"@context":"https:\/\/schema.org","@graph":[{"@type":"WebPage","@id":"https:\/\/cssphiladelphia.org\/about\/","url":"https:\/\/cssphiladelphia.org\/about\/","name":"Acerca de CSS - Catholic Social Services","isPartOf":{"@id":"https:\/\/cssphiladelphia.org\/#website"},"primaryImageOfPage":{"@id":"https:\/\/cssphiladelphia.org\/about\/#primaryimage"},"image":{"@id":"https:\/\/cssphiladelphia.org\/about\/#primaryimage"},"thumbnailUrl":"https:\/\/cssphiladelphia.org\/wp-content\/uploads\/2021\/08\/Kathy-and-Blessing-1-scaled.jpg","datePublished":"2023-01-23T18:33:28+00:00","dateModified":"2023-07-12T19:25:27+00:00","breadcrumb":{"@id":"https:\/\/cssphiladelphia.org\/about\/#breadcrumb"},"inLanguage":"es","potentialAction":[{"@type":"ReadAction","target":["https:\/\/cssphiladelphia.org\/about\/"]}]},{"@type":"ImageObject","inLanguage":"es","@id":"https:\/\/cssphiladelphia.org\/about\/#primaryimage","url":"https:\/\/cssphiladelphia.org\/wp-content\/uploads\/2021\/08\/Kathy-and-Blessing-1-scaled.jpg","contentUrl":"https:\/\/cssphiladelphia.org\/wp-content\/uploads\/2021\/08\/Kathy-and-Blessing-1-scaled.jpg","width":2560,"height":1707},{"@type":"BreadcrumbList","@id":"https:\/\/cssphiladelphia.org\/about\/#breadcrumb","itemListElement":[{"@type":"ListItem","position":1,"name":"Inicio","item":"https:\/\/cssphiladelphia.org\/?lang=es"},{"@type":"ListItem","position":2,"name":"Acerca de CSS"}]},{"@type":"WebSite","@id":"https:\/\/cssphiladelphia.org\/#website","url":"https:\/\/cssphiladelphia.org\/","name":"Catholic Social Services","description":"","potentialAction":[{"@type":"SearchAction","target":{"@type":"EntryPoint","urlTemplate":"https:\/\/cssphiladelphia.org\/?s={search_term_string}"},"query-input":{"@type":"PropertyValueSpecification","valueRequired":true,"valueName":"search_term_string"}}],"inLanguage":"es"}]}},"_links":{"self":[{"href":"https:\/\/cssphiladelphia.org\/es\/wp-json\/wp\/v2\/pages\/6015","targetHints":{"allow":["GET"]}}],"collection":[{"href":"https:\/\/cssphiladelphia.org\/es\/wp-json\/wp\/v2\/pages"}],"about":[{"href":"https:\/\/cssphiladelphia.org\/es\/wp-json\/wp\/v2\/types\/page"}],"author":[{"embeddable":true,"href":"https:\/\/cssphiladelphia.org\/es\/wp-json\/wp\/v2\/users\/1"}],"replies":[{"embeddable":true,"href":"https:\/\/cssphiladelphia.org\/es\/wp-json\/wp\/v2\/comments?post=6015"}],"version-history":[{"count":9,"href":"https:\/\/cssphiladelphia.org\/es\/wp-json\/wp\/v2\/pages\/6015\/revisions"}],"predecessor-version":[{"id":10955,"href":"https:\/\/cssphiladelphia.org\/es\/wp-json\/wp\/v2\/pages\/6015\/revisions\/10955"}],"wp:featuredmedia":[{"embeddable":true,"href":"https:\/\/cssphiladelphia.org\/es\/wp-json\/wp\/v2\/media\/5136"}],"wp:attachment":[{"href":"https:\/\/cssphiladelphia.org\/es\/wp-json\/wp\/v2\/media?parent=6015"}],"curies":[{"name":"wp","href":"https:\/\/api.w.org\/{rel}","templated":true}]}}